{"id":19240,"date":"2021-09-17T13:59:08","date_gmt":"2021-09-17T13:59:08","guid":{"rendered":"https:\/\/natech.app\/?post_type=product&#038;p=19240"},"modified":"2025-11-05T03:29:21","modified_gmt":"2025-11-05T02:29:21","slug":"natechbox","status":"publish","type":"product","link":"https:\/\/natech.app\/fr\/produit\/natechbox\/","title":{"rendered":"NaTech Box"},"content":{"rendered":"<p>NaTech est con\u00e7u pour \u00eatre un outil de communication puissant pour les individus autistes non verbaux, offrant une large gamme de fonctionnalit\u00e9s pour am\u00e9liorer leur capacit\u00e9 \u00e0 s'exprimer. Voici ce qui rend NaTech unique :<\/p>\n<ul>\n<li><strong>Exp\u00e9rience personnalisable :<\/strong> Adaptez l'application aux besoins individuels avec des cat\u00e9gories et des images personnalis\u00e9es.<\/li>\n<li><strong>Vaste vocabulaire :<\/strong> Utilisez plus de 480 mots pour cr\u00e9er des phrases avec le syst\u00e8me PECS, comprenant 19 cat\u00e9gories telles que les \u00e9motions, les actions, et plus encore.<\/li>\n<li><strong>R\u00e9alit\u00e9 augment\u00e9e (AR) :<\/strong> Scanner les cartes de Besoins et d'\u00c9motions pour visualiser des animations captivantes avec des effets sonores.<\/li>\n<li><strong>Favoris :<\/strong> Acc\u00e9dez rapidement aux phrases fr\u00e9quemment utilis\u00e9es en les marquant comme favoris.<\/li>\n<li><strong>Mini-jeux :<\/strong> Profitez de jeux qui d\u00e9veloppent les comp\u00e9tences cognitives et les comp\u00e9tences motrices fines, comme la reconnaissance de pictogrammes et des activit\u00e9s de coordination main-\u0153il.<\/li>\n<li><strong>Vitesse audio ajustable :<\/strong> Contr\u00f4lez la vitesse de la sortie vocale pour une meilleure compr\u00e9hension et une r\u00e9duction de l'anxi\u00e9t\u00e9.<\/li>\n<\/ul>\n<p>NaTech est une application polyvalente et multiplateforme qui fonctionne parfaitement sur les appareils iOS, Android, Windows et Mac, assurant ainsi une accessibilit\u00e9 et un support pour les utilisateurs en tout lieu et \u00e0 tout moment.<\/p>","protected":false},"excerpt":{"rendered":"<p>La bo\u00eete NaTech est un kit complet con\u00e7u pour am\u00e9liorer l'exp\u00e9rience de communication des personnes autistes non verbales. Elle comprend :<\/p>\n<ul>\n<li>Un protocole d'utilisation d\u00e9taill\u00e9 en arabe et en fran\u00e7ais, offrant des directives claires sur l'utilisation efficace de l'application.<\/li>\n<li>Des cartes des cat\u00e9gories Besoins et \u00c9motions qui peuvent \u00eatre scann\u00e9es en utilisant la r\u00e9alit\u00e9 augment\u00e9e (AR), permettant aux animations de prendre vie avec des effets sonores pour une exp\u00e9rience interactive captivante.<\/li>\n<\/ul>","protected":false},"featured_media":20449,"comment_status":"open","ping_status":"closed","template":"","meta":[],"product_brand":[],"product_cat":[232],"product_tag":[],"class_list":{"0":"post-19240","1":"product","2":"type-product","3":"status-publish","4":"has-post-thumbnail","6":"product_cat-non-classe","8":"first","9":"instock","10":"featured","11":"shipping-taxable","12":"purchasable","13":"product-type-simple"},"_links":{"self":[{"href":"https:\/\/natech.app\/fr\/wp-json\/wp\/v2\/product\/19240","targetHints":{"allow":["GET"]}}],"collection":[{"href":"https:\/\/natech.app\/fr\/wp-json\/wp\/v2\/product"}],"about":[{"href":"https:\/\/natech.app\/fr\/wp-json\/wp\/v2\/types\/product"}],"replies":[{"embeddable":true,"href":"https:\/\/natech.app\/fr\/wp-json\/wp\/v2\/comments?post=19240"}],"wp:featuredmedia":[{"embeddable":true,"href":"https:\/\/natech.app\/fr\/wp-json\/wp\/v2\/media\/20449"}],"wp:attachment":[{"href":"https:\/\/natech.app\/fr\/wp-json\/wp\/v2\/media?parent=19240"}],"wp:term":[{"taxonomy":"product_brand","embeddable":true,"href":"https:\/\/natech.app\/fr\/wp-json\/wp\/v2\/product_brand?post=19240"},{"taxonomy":"product_cat","embeddable":true,"href":"https:\/\/natech.app\/fr\/wp-json\/wp\/v2\/product_cat?post=19240"},{"taxonomy":"product_tag","embeddable":true,"href":"https:\/\/natech.app\/fr\/wp-json\/wp\/v2\/product_tag?post=19240"}],"curies":[{"name":"wp","href":"https:\/\/api.w.org\/{rel}","templated":true}]}}